{"id":1065,"date":"2025-12-21T13:15:02","date_gmt":"2025-12-21T12:15:02","guid":{"rendered":"https:\/\/www.mcommemaureen.com\/?page_id=1065"},"modified":"2026-01-05T14:17:44","modified_gmt":"2026-01-05T13:17:44","slug":"conditions-generales-de-vente","status":"publish","type":"page","link":"https:\/\/www.porsarvag.com\/en\/conditions-generales-de-vente\/","title":{"rendered":"Conditions g\u00e9n\u00e9rales de vente"},"content":{"rendered":"\n<div class=\"wp-block-uagb-container hero-pav uagb-block-25efe059 alignfull uagb-is-root-container\"><div class=\"uagb-container-inner-blocks-wrap\">\n<div class=\"wp-block-uagb-info-box uagb-block-9bf58d62 uagb-infobox__content-wrap  uagb-infobox-icon-above-title uagb-infobox-image-valign-top\"><div class=\"uagb-ifb-content\"><div class=\"uagb-ifb-title-wrap\"><h1 class=\"uagb-ifb-title\">Conditions g\u00e9n\u00e9rales de vente<\/h1><\/div><\/div><\/div>\n<\/div><\/div>\n\n\n\n<div class=\"wp-block-uagb-container uagb-block-dw2semqk alignfull uagb-is-root-container\"><div class=\"uagb-container-inner-blocks-wrap\"><div class=\"wp-block-uagb-faq uagb-faq__outer-wrap uagb-block-gnuwmmlv uagb-faq-icon-row-reverse uagb-faq-layout-accordion uagb-faq-expand-first-false uagb-faq-inactive-other-true uagb-faq__wrap uagb-buttons-layout-wrap uagb-faq-equal-height     \" data-faqtoggle=\"true\" role=\"tablist\"><div class=\"wp-block-uagb-faq-child uagb-faq-child__outer-wrap uagb-faq-item uagb-block-6xqbdfkb \" role=\"tab\" tabindex=\"0\"><div class=\"uagb-faq-questions-button uagb-faq-questions\">\t\t\t<span class=\"uagb-icon uagb-faq-icon-wrap\">\n\t\t\t\t\t\t\t\t<svg xmlns=\"https:\/\/www.w3.org\/2000\/svg\" viewBox= \"0 0 448 512\"><path d=\"M224 416c-8.188 0-16.38-3.125-22.62-9.375l-192-192c-12.5-12.5-12.5-32.75 0-45.25s32.75-12.5 45.25 0L224 338.8l169.4-169.4c12.5-12.5 32.75-12.5 45.25 0s12.5 32.75 0 45.25l-192 192C240.4 412.9 232.2 416 224 416z\"><\/path><\/svg>\n\t\t\t\t\t\t\t<\/span>\n\t\t\t\t\t\t<span class=\"uagb-icon-active uagb-faq-icon-wrap\">\n\t\t\t\t\t\t\t\t<svg xmlns=\"https:\/\/www.w3.org\/2000\/svg\" viewBox= \"0 0 448 512\"><path d=\"M416 352c-8.188 0-16.38-3.125-22.62-9.375L224 173.3l-169.4 169.4c-12.5 12.5-32.75 12.5-45.25 0s-12.5-32.75 0-45.25l192-192c12.5-12.5 32.75-12.5 45.25 0l192 192c12.5 12.5 12.5 32.75 0 45.25C432.4 348.9 424.2 352 416 352z\"><\/path><\/svg>\n\t\t\t\t\t\t\t<\/span>\n\t\t\t<p class=\"uagb-question\"><strong>\ud83c\uddeb\ud83c\uddf7 Fran\u00e7ais<\/strong><\/p><\/div><div class=\"uagb-faq-content\"><p>1. Toute r\u00e9servation implique l\u2019acceptation du r\u00e8glement du camping et des conditions \u00e9nonc\u00e9es ci-dessous.<br><br>2. Toute r\u00e9servation est nominative et ne peut en aucun cas \u00eatre c\u00e9d\u00e9e ou sous-lou\u00e9e. Les mineurs non accompagn\u00e9s ne seront pas accept\u00e9s.<br><br>3. La r\u00e9servation ne devient effective qu\u2019avec l\u2019accord du camping et apr\u00e8s r\u00e9ception d\u2019un versement correspondant \u00e0 40 \u20ac pour un emplacement et 35 % du prix de la location. La demande de r\u00e9servation doit \u00eatre rev\u00eatue de votre signature. Sans avertissement \u00e9crit ou t\u00e9l\u00e9phonique de votre part, l\u2019emplacement ou l\u2019h\u00e9bergement locatif devient disponible\u00a0 24 heures apr\u00e8s la date d\u2019arriv\u00e9e et l\u2019acompte reste retenu.<br><br>4. Aucune r\u00e9duction ne sera consentie en cas d\u2019arriv\u00e9e retard\u00e9e ou de d\u00e9part anticip\u00e9. Aucune r\u00e9duction ne sera accord\u00e9e a posteriori. Toute r\u00e9duction doit \u00eatre demand\u00e9e \u00e0 l\u2019arriv\u00e9e et sur pr\u00e9sentation de documents seulement.<br><br>5. Le solde du s\u00e9jour ainsi que la taxe de s\u00e9jour sont \u00e0 r\u00e9gler \u00e0 votre arriv\u00e9e.<br><br>6. Tout visiteur \u00e0 la journ\u00e9e devant \u00eatre d\u00e9clar\u00e9 \u00e0 la r\u00e9ception et s\u2019acquitter du tarif en vigueur. Le camping se r\u00e9serve le droit de refuser l\u2019entr\u00e9e \u00e0 qui que ce soit.<br><br>7. Cautions \u2013 D\u00e9p\u00f4t de garantie. 10\u20ac par adaptateur \u00e9lectrique pour les emplacements de camping. Pour les locations, un d\u00e9p\u00f4t de garantie de 270 \u20ac est exig\u00e9 \u00e0 votre arriv\u00e9e : 200 \u20ac pour le locatif et 70 \u20ac pour garantir la propret\u00e9 des lieux au d\u00e9part. En cas de malpropret\u00e9, cette somme sera retenue. Cette caution ne constitue pas une limite de responsabilit\u00e9.\u00a0\u00a0<br><br>8. Annulation. En cas de d\u00e9sistement 60 jours avant la date d\u2019arriv\u00e9e pr\u00e9vue, l\u2019acompte sera rembours\u00e9, d\u00e9duction faite des frais de mandat. Entre deux mois et un mois, l\u2019acompte est conserv\u00e9 (35 % du montant du s\u00e9jour). Moins d\u2019un mois : 75 % du montant de la location sera r\u00e9clam\u00e9, sauf sur pr\u00e9sentation d\u2019un certificat m\u00e9dical . Sans avertissement \u00e9crit ou t\u00e9l\u00e9phonique, l\u2019emplacement ou l\u2019h\u00e9bergement locatif devient disponible 24 heures apr\u00e8s la date d\u2019arriv\u00e9e pr\u00e9vue. Pass\u00e9 ce d\u00e9lai, il cesse d\u2019\u00eatre retenu et les versements effectu\u00e9s restent acquis<br><br>9. Animaux. Seuls les animaux domestiques tenus en laisse sont accept\u00e9s, moyennant une redevance journali\u00e8res. En locatif, est accept\u00e9 un chien de 20 kilos maximum ou deux petits chiens de 10 kilos maximum chacun. Vous devez pr\u00e9senter leur carnet de vaccination au bureau d\u2019accueil. Ils ne doivent pas \u00eatre laiss\u00e9s enferm\u00e9s ou seuls en l\u2019absence de leurs ma\u00eetres qui sont civilement responsables. Le certificat de vaccination antirabique est obligatoire. Les chiens de premi\u00e8re et de deuxi\u00e8me cat\u00e9gories sont interdits dans l\u2019enceinte du camping. L\u2019acc\u00e8s aux sanitaires leur est strictement interdit.<br><br>10. Feux. Les feux au sol, les feux d\u2019artifices\u00a0 et les p\u00e9tards sont strictement interdits. Les barbecues sur pied sont autoris\u00e9s avec les pr\u00e9cautions d\u2019usage \u00e0 l\u2019ext\u00e9rieur des h\u00e9bergements.<br><br>11. Assurance. Il appartient aux locataires d\u2019\u00eatre assur\u00e9 en responsabilit\u00e9 civile. Le camping d\u00e9cline toute responsabilit\u00e9 en cas de vol, incendie, intemp\u00e9ries etc. et en cas d\u2019incident relevant de la responsabilit\u00e9 civile du locataire.<br><br>12. Litiges. Conform\u00e9ment aux dispositions du Code de la consommation concernant \u00ab le processus de m\u00e9diation des litiges de la consommation \u00bb, le client a le droit de recourir gratuitement au service de m\u00e9diation propos\u00e9 par le Camping de Pors Ar Vag\u00a0. Le m\u00e9diateur \u00ab\u00a0droit de la consommation\u00a0\u00bb ainsi propos\u00e9 est MEDISES.\u00a0Ce dispositif de m\u00e9diation peut \u00eatre joint sur\u00a0www.medicys.fr ou par voie postale : MEDICYS- Centre de m\u00e9diation et r\u00e8glement amiable des huissiers de justice- 73, Boulevard de Clichy, 75009 \u2013 Paris \u00bb.<br><br>13. R\u00e8glement int\u00e9rieur.\u00a0 Le r\u00e8glement int\u00e9rieur est affich\u00e9 au bureau d\u2019accueil. Toute personne p\u00e9n\u00e9trant dans l\u2019enceinte du camping\u00a0 est tenu de le respecter. En cas d\u2019infraction au r\u00e8glement int\u00e9rieur, la direction se r\u00e9serve le droit d\u2019expulser sans pr\u00e9avis.<\/p><\/div><\/div><div class=\"wp-block-uagb-faq-child uagb-faq-child__outer-wrap uagb-faq-item uagb-block-ssoj7wb1 \" role=\"tab\" tabindex=\"0\"><div class=\"uagb-faq-questions-button uagb-faq-questions\">\t\t\t<span class=\"uagb-icon uagb-faq-icon-wrap\">\n\t\t\t\t\t\t\t\t<svg xmlns=\"https:\/\/www.w3.org\/2000\/svg\" viewBox= \"0 0 448 512\"><path d=\"M224 416c-8.188 0-16.38-3.125-22.62-9.375l-192-192c-12.5-12.5-12.5-32.75 0-45.25s32.75-12.5 45.25 0L224 338.8l169.4-169.4c12.5-12.5 32.75-12.5 45.25 0s12.5 32.75 0 45.25l-192 192C240.4 412.9 232.2 416 224 416z\"><\/path><\/svg>\n\t\t\t\t\t\t\t<\/span>\n\t\t\t\t\t\t<span class=\"uagb-icon-active uagb-faq-icon-wrap\">\n\t\t\t\t\t\t\t\t<svg xmlns=\"https:\/\/www.w3.org\/2000\/svg\" viewBox= \"0 0 448 512\"><path d=\"M416 352c-8.188 0-16.38-3.125-22.62-9.375L224 173.3l-169.4 169.4c-12.5 12.5-32.75 12.5-45.25 0s-12.5-32.75 0-45.25l192-192c12.5-12.5 32.75-12.5 45.25 0l192 192c12.5 12.5 12.5 32.75 0 45.25C432.4 348.9 424.2 352 416 352z\"><\/path><\/svg>\n\t\t\t\t\t\t\t<\/span>\n\t\t\t<p class=\"uagb-question\"><strong>\ud83c\uddfa\ud83c\uddf8 Anglais<\/strong><\/p><\/div><div class=\"uagb-faq-content\"><p>1. To book in our campsite implies the acceptance of the rules of the campsite and the conditions set out below.<br><br>2. All bookings are nominative and can not be sold or sublet. Unaccompanied minors will not be accepted.<br><br>3. The reservation becomes effective only with the agreement of the campsite and after receipt of a prepayment corresponding to 50 \u20ac for a location and 35% of the rental price. The reservation request must be signed with your signature. Without written or telephone warning from you, the location or the rental accommodation becomes available 24 hours after the arrival date and the deposit remains withheld.<br><br>4. No reduction will be granted in case of late arrival or early departure. No reduction will be granted after the fact. Any reduction must be requested upon arrival and upon presentation of documents only.<br><br>5. The balance of the stay and the tourist tax are to be paid on your arrival.<br><br>6. Any daily visitor must be declared at the reception and pay the rate in force. The campsite reserves the right to refuse the access to anyone.<br><br>7. Deposits \u2013 Security deposit. \u20ac10 per electrical adapter for camping pitches. For rentals, a security deposit of \u20ac270 is required on arrival: \u20ac200 for the rental and \u20ac70 to guarantee the cleanliness of the premises on departure. In case of uncleanliness, this amount will be withheld. This deposit does not constitute a limit of liability.<br><br>8. Cancellation. In case of cancellation 60 days before the date of arrival, the deposit will be refunded, without the expenses of mandate. Between two months and one month, the deposit is retained (35% of the amount of the stay). Less than one month: 75% of the stay amount will be claimed, except upon presentation of a medical certificate. Without written or telephone warning, the rental location or accommodation becomes available 24 hours after the scheduled arrival date. After this period, no refund. The rental is available again to rent.<br><br>9. Pets. Only pets on a leash are allowed for a daily fee. In our mobile homes and cottages, we accept one dog weighing up to 20 kg or two small dogs weighing up to 10 kg eachYou must present their vaccination card at the reception desk. They should not be left locked or alone in the absence of their masters who are civilly responsible. The certificate of rabies vaccination is obligatory. First and second category dogs are prohibited in the campsite. Access to sanitary facilities is strictly forbidden.<br><br>10. Lights. Ground fires, fireworks and firecrackers are prohibited. Standing barbecues are allowed with the usual precautions outside the accommodation.<br><br>11. Insurance. Tenants must be insured in civil liability. The campsite declines all responsibility in case of theft, fire, bad weather, etc. and in case of incident involving the tenant\u2019s civil liability.<br><br>12. Litigation. In accordance with the provisions of the Consumer Code concerning \u00ab\u00a0the process of mediation of consumer disputes\u00a0\u00bb, the customer has the right to make free use of the mediation service offered by the Pors Ar Vag campsite. The mediator \u00ab\u00a0law of consumption\u00a0\u00bb thus proposed is MEDISES. This mediation device can be reached on\u00a0<a href=\"https:\/\/l.facebook.com\/l.php?u=http%3A%2F%2Fwww.medicys.fr%2F&amp;h=ATMxLbZMvpg0OjKFegSZv4KGylgReGj_ccjEyEkbFkfhnupwTAKcepC1_YlaadoRq0p6cLK0f07wXvmlkUyKac8rVbvOlZng1940FDpXQ8vV6tY8seJIkxtoEXZlOD_sJRyy9l5Xm-Y4YnrdmpI\">www.medicys.fr<\/a>\u00a0or by post: MEDICYS- Center of mediation and amicable settlement of the judicial officers- 73, Boulevard de Clichy, 75009 \u2013 Paris \u00ab\u00a0.<br><br>13. Internal rules. The internal rules are available at the reception. Anyone entering the campsite is obliged to respect it. In the event of a breach of the internal rules, the management reserves the right to evict without notice.<\/p><\/div><\/div><\/div><\/div><\/div>\n\n\n\n<div class=\"wp-block-uagb-container bloc-cta-vacances uagb-block-ef8a48c7 alignfull uagb-is-root-container\"><div class=\"uagb-container-inner-blocks-wrap\">\n<div class=\"wp-block-uagb-info-box uagb-block-f86d982c uagb-infobox__content-wrap  uagb-infobox-icon-above-title uagb-infobox-image-valign-top\"><div class=\"uagb-ifb-content\"><div class=\"uagb-ifb-title-wrap\"><h1 class=\"uagb-ifb-title\">Vos prochaines vacances&#8230;<\/h1><\/div><p class=\"uagb-ifb-desc\">R\u00e9servez d\u00e8s maintenant votre s\u00e9jour au Camping de Pors Ar Vag et profitez de la Bretagne c\u00f4t\u00e9 mer, face \u00e0 la Baie de Douarnenez<\/p><\/div><\/div>\n\n\n\n<div class=\"wp-block-uagb-buttons uagb-buttons__outer-wrap uagb-btn__medium-btn uagb-btn-tablet__default-btn uagb-btn-mobile__default-btn uagb-block-demxv4hu\"><div class=\"uagb-buttons__wrap uagb-buttons-layout-wrap \">\n<div class=\"wp-block-uagb-buttons-child uagb-buttons__outer-wrap uagb-block-d625360b wp-block-button hero-cta\"><div class=\"uagb-button__wrapper\"><a class=\"uagb-buttons-repeater wp-block-button__link\" aria-label=\"\" href=\"https:\/\/naxiresav2.inaxel.com\/etape1-criteres.php?compte=porsarvag\" rel=\"follow noopener\" target=\"_self\" role=\"button\"><div class=\"uagb-button__link\">R\u00e9servez d\u00e8s maintenant <\/div><\/a><\/div><\/div>\n<\/div><\/div>\n<\/div><\/div>\n","protected":false},"excerpt":{"rendered":"","protected":false},"author":1,"featured_media":0,"parent":0,"menu_order":0,"comment_status":"closed","ping_status":"closed","template":"","meta":{"_acf_changed":false,"_uag_custom_page_level_css":"","neve_meta_sidebar":"","neve_meta_container":"","neve_meta_enable_content_width":"","neve_meta_content_width":0,"neve_meta_title_alignment":"","neve_meta_author_avatar":"","neve_post_elements_order":"","neve_meta_disable_header":"","neve_meta_disable_footer":"","neve_meta_disable_title":"","neve_meta_reading_time":"","footnotes":""},"class_list":["post-1065","page","type-page","status-publish","hentry"],"acf":[],"yoast_head":"<!-- This site is optimized with the Yoast SEO plugin v27.3 - https:\/\/yoast.com\/product\/yoast-seo-wordpress\/ -->\n<title>Conditions g\u00e9n\u00e9rales de vente \u2013 Camping de Pors Ar Vag<\/title>\n<meta name=\"description\" content=\"Consultez les conditions g\u00e9n\u00e9rales de vente du Camping de Pors Ar Vag : r\u00e9servations, paiements, annulations et modalit\u00e9s de s\u00e9jour.\" \/>\n<meta name=\"robots\" content=\"noindex, follow\" \/>\n<meta property=\"og:locale\" content=\"en_US\" \/>\n<meta property=\"og:type\" content=\"article\" \/>\n<meta property=\"og:title\" content=\"Conditions g\u00e9n\u00e9rales de vente \u2013 Camping de Pors Ar Vag\" \/>\n<meta property=\"og:description\" content=\"Consultez les conditions g\u00e9n\u00e9rales de vente du Camping de Pors Ar Vag : r\u00e9servations, paiements, annulations et modalit\u00e9s de s\u00e9jour.\" \/>\n<meta property=\"og:url\" content=\"https:\/\/www.porsarvag.com\/en\/conditions-generales-de-vente\/\" \/>\n<meta property=\"og:site_name\" content=\"Camping de Pors Ar Vag\" \/>\n<meta property=\"article:publisher\" content=\"https:\/\/www.facebook.com\/porsarvag\/\" \/>\n<meta property=\"article:modified_time\" content=\"2026-01-05T13:17:44+00:00\" \/>\n<meta property=\"og:image\" content=\"https:\/\/www.porsarvag.com\/wp-content\/uploads\/2026\/01\/Vue.jpg\" \/>\n\t<meta property=\"og:image:width\" content=\"1920\" \/>\n\t<meta property=\"og:image:height\" content=\"1080\" \/>\n\t<meta property=\"og:image:type\" content=\"image\/jpeg\" \/>\n<meta name=\"twitter:card\" content=\"summary_large_image\" \/>\n<meta name=\"twitter:label1\" content=\"Est. reading time\" \/>\n\t<meta name=\"twitter:data1\" content=\"1 minute\" \/>\n<script type=\"application\/ld+json\" class=\"yoast-schema-graph\">{\"@context\":\"https:\\\/\\\/schema.org\",\"@graph\":[{\"@type\":\"WebPage\",\"@id\":\"https:\\\/\\\/www.porsarvag.com\\\/en\\\/conditions-generales-de-vente\\\/\",\"url\":\"https:\\\/\\\/www.porsarvag.com\\\/en\\\/conditions-generales-de-vente\\\/\",\"name\":\"Conditions g\u00e9n\u00e9rales de vente \u2013 Camping de Pors Ar Vag\",\"isPartOf\":{\"@id\":\"https:\\\/\\\/www.porsarvag.com\\\/en\\\/#website\"},\"datePublished\":\"2025-12-21T12:15:02+00:00\",\"dateModified\":\"2026-01-05T13:17:44+00:00\",\"description\":\"Consultez les conditions g\u00e9n\u00e9rales de vente du Camping de Pors Ar Vag : r\u00e9servations, paiements, annulations et modalit\u00e9s de s\u00e9jour.\",\"breadcrumb\":{\"@id\":\"https:\\\/\\\/www.porsarvag.com\\\/en\\\/conditions-generales-de-vente\\\/#breadcrumb\"},\"inLanguage\":\"en-US\",\"potentialAction\":[{\"@type\":\"ReadAction\",\"target\":[\"https:\\\/\\\/www.porsarvag.com\\\/en\\\/conditions-generales-de-vente\\\/\"]}]},{\"@type\":\"BreadcrumbList\",\"@id\":\"https:\\\/\\\/www.porsarvag.com\\\/en\\\/conditions-generales-de-vente\\\/#breadcrumb\",\"itemListElement\":[{\"@type\":\"ListItem\",\"position\":1,\"name\":\"Accueil\",\"item\":\"https:\\\/\\\/www.porsarvag.com\\\/en\\\/\"},{\"@type\":\"ListItem\",\"position\":2,\"name\":\"Conditions g\u00e9n\u00e9rales de vente\"}]},{\"@type\":\"WebSite\",\"@id\":\"https:\\\/\\\/www.porsarvag.com\\\/en\\\/#website\",\"url\":\"https:\\\/\\\/www.porsarvag.com\\\/en\\\/\",\"name\":\"Camping de Pors Ar Vag\",\"description\":\"\",\"publisher\":{\"@id\":\"https:\\\/\\\/www.porsarvag.com\\\/en\\\/#organization\"},\"potentialAction\":[{\"@type\":\"SearchAction\",\"target\":{\"@type\":\"EntryPoint\",\"urlTemplate\":\"https:\\\/\\\/www.porsarvag.com\\\/en\\\/?s={search_term_string}\"},\"query-input\":{\"@type\":\"PropertyValueSpecification\",\"valueRequired\":true,\"valueName\":\"search_term_string\"}}],\"inLanguage\":\"en-US\"},{\"@type\":\"Organization\",\"@id\":\"https:\\\/\\\/www.porsarvag.com\\\/en\\\/#organization\",\"name\":\"Camping de Pors Ar Vag\",\"url\":\"https:\\\/\\\/www.porsarvag.com\\\/en\\\/\",\"logo\":{\"@type\":\"ImageObject\",\"inLanguage\":\"en-US\",\"@id\":\"https:\\\/\\\/www.porsarvag.com\\\/en\\\/#\\\/schema\\\/logo\\\/image\\\/\",\"url\":\"https:\\\/\\\/www.porsarvag.com\\\/wp-content\\\/uploads\\\/2026\\\/01\\\/cropped-Logo2026.png\",\"contentUrl\":\"https:\\\/\\\/www.porsarvag.com\\\/wp-content\\\/uploads\\\/2026\\\/01\\\/cropped-Logo2026.png\",\"width\":512,\"height\":512,\"caption\":\"Camping de Pors Ar Vag\"},\"image\":{\"@id\":\"https:\\\/\\\/www.porsarvag.com\\\/en\\\/#\\\/schema\\\/logo\\\/image\\\/\"},\"sameAs\":[\"https:\\\/\\\/www.facebook.com\\\/porsarvag\\\/\",\"https:\\\/\\\/www.instagram.com\\\/porsarvag\\\/\"]}]}<\/script>\n<!-- \/ Yoast SEO plugin. -->","yoast_head_json":{"title":"Conditions g\u00e9n\u00e9rales de vente \u2013 Camping de Pors Ar Vag","description":"Consultez les conditions g\u00e9n\u00e9rales de vente du Camping de Pors Ar Vag : r\u00e9servations, paiements, annulations et modalit\u00e9s de s\u00e9jour.","robots":{"index":"noindex","follow":"follow"},"og_locale":"en_US","og_type":"article","og_title":"Conditions g\u00e9n\u00e9rales de vente \u2013 Camping de Pors Ar Vag","og_description":"Consultez les conditions g\u00e9n\u00e9rales de vente du Camping de Pors Ar Vag : r\u00e9servations, paiements, annulations et modalit\u00e9s de s\u00e9jour.","og_url":"https:\/\/www.porsarvag.com\/en\/conditions-generales-de-vente\/","og_site_name":"Camping de Pors Ar Vag","article_publisher":"https:\/\/www.facebook.com\/porsarvag\/","article_modified_time":"2026-01-05T13:17:44+00:00","og_image":[{"width":1920,"height":1080,"url":"https:\/\/www.porsarvag.com\/wp-content\/uploads\/2026\/01\/Vue.jpg","type":"image\/jpeg"}],"twitter_card":"summary_large_image","twitter_misc":{"Est. reading time":"1 minute"},"schema":{"@context":"https:\/\/schema.org","@graph":[{"@type":"WebPage","@id":"https:\/\/www.porsarvag.com\/en\/conditions-generales-de-vente\/","url":"https:\/\/www.porsarvag.com\/en\/conditions-generales-de-vente\/","name":"Conditions g\u00e9n\u00e9rales de vente \u2013 Camping de Pors Ar Vag","isPartOf":{"@id":"https:\/\/www.porsarvag.com\/en\/#website"},"datePublished":"2025-12-21T12:15:02+00:00","dateModified":"2026-01-05T13:17:44+00:00","description":"Consultez les conditions g\u00e9n\u00e9rales de vente du Camping de Pors Ar Vag : r\u00e9servations, paiements, annulations et modalit\u00e9s de s\u00e9jour.","breadcrumb":{"@id":"https:\/\/www.porsarvag.com\/en\/conditions-generales-de-vente\/#breadcrumb"},"inLanguage":"en-US","potentialAction":[{"@type":"ReadAction","target":["https:\/\/www.porsarvag.com\/en\/conditions-generales-de-vente\/"]}]},{"@type":"BreadcrumbList","@id":"https:\/\/www.porsarvag.com\/en\/conditions-generales-de-vente\/#breadcrumb","itemListElement":[{"@type":"ListItem","position":1,"name":"Accueil","item":"https:\/\/www.porsarvag.com\/en\/"},{"@type":"ListItem","position":2,"name":"Conditions g\u00e9n\u00e9rales de vente"}]},{"@type":"WebSite","@id":"https:\/\/www.porsarvag.com\/en\/#website","url":"https:\/\/www.porsarvag.com\/en\/","name":"Camping de Pors Ar Vag","description":"","publisher":{"@id":"https:\/\/www.porsarvag.com\/en\/#organization"},"potentialAction":[{"@type":"SearchAction","target":{"@type":"EntryPoint","urlTemplate":"https:\/\/www.porsarvag.com\/en\/?s={search_term_string}"},"query-input":{"@type":"PropertyValueSpecification","valueRequired":true,"valueName":"search_term_string"}}],"inLanguage":"en-US"},{"@type":"Organization","@id":"https:\/\/www.porsarvag.com\/en\/#organization","name":"Camping de Pors Ar Vag","url":"https:\/\/www.porsarvag.com\/en\/","logo":{"@type":"ImageObject","inLanguage":"en-US","@id":"https:\/\/www.porsarvag.com\/en\/#\/schema\/logo\/image\/","url":"https:\/\/www.porsarvag.com\/wp-content\/uploads\/2026\/01\/cropped-Logo2026.png","contentUrl":"https:\/\/www.porsarvag.com\/wp-content\/uploads\/2026\/01\/cropped-Logo2026.png","width":512,"height":512,"caption":"Camping de Pors Ar Vag"},"image":{"@id":"https:\/\/www.porsarvag.com\/en\/#\/schema\/logo\/image\/"},"sameAs":["https:\/\/www.facebook.com\/porsarvag\/","https:\/\/www.instagram.com\/porsarvag\/"]}]}},"uagb_featured_image_src":{"full":false,"thumbnail":false,"medium":false,"medium_large":false,"large":false,"1536x1536":false,"2048x2048":false,"neve-blog":false},"uagb_author_info":{"display_name":"maureen","author_link":"https:\/\/www.porsarvag.com\/en\/author\/maureen\/"},"uagb_comment_info":0,"uagb_excerpt":null,"_links":{"self":[{"href":"https:\/\/www.porsarvag.com\/en\/wp-json\/wp\/v2\/pages\/1065","targetHints":{"allow":["GET"]}}],"collection":[{"href":"https:\/\/www.porsarvag.com\/en\/wp-json\/wp\/v2\/pages"}],"about":[{"href":"https:\/\/www.porsarvag.com\/en\/wp-json\/wp\/v2\/types\/page"}],"author":[{"embeddable":true,"href":"https:\/\/www.porsarvag.com\/en\/wp-json\/wp\/v2\/users\/1"}],"replies":[{"embeddable":true,"href":"https:\/\/www.porsarvag.com\/en\/wp-json\/wp\/v2\/comments?post=1065"}],"version-history":[{"count":3,"href":"https:\/\/www.porsarvag.com\/en\/wp-json\/wp\/v2\/pages\/1065\/revisions"}],"predecessor-version":[{"id":2373,"href":"https:\/\/www.porsarvag.com\/en\/wp-json\/wp\/v2\/pages\/1065\/revisions\/2373"}],"wp:attachment":[{"href":"https:\/\/www.porsarvag.com\/en\/wp-json\/wp\/v2\/media?parent=1065"}],"curies":[{"name":"wp","href":"https:\/\/api.w.org\/{rel}","templated":true}]}}