{"id":1062,"date":"2025-12-21T13:10:27","date_gmt":"2025-12-21T12:10:27","guid":{"rendered":"https:\/\/www.mcommemaureen.com\/?page_id=1062"},"modified":"2026-01-05T14:26:12","modified_gmt":"2026-01-05T13:26:12","slug":"mentions-legales","status":"publish","type":"page","link":"https:\/\/www.porsarvag.com\/en\/mentions-legales\/","title":{"rendered":"Mentions l\u00e9gales"},"content":{"rendered":"\n<div class=\"wp-block-uagb-container hero-pav uagb-block-25efe059 alignfull uagb-is-root-container\"><div class=\"uagb-container-inner-blocks-wrap\">\n<div class=\"wp-block-uagb-info-box uagb-block-9bf58d62 uagb-infobox__content-wrap  uagb-infobox-icon-above-title uagb-infobox-image-valign-top\"><div class=\"uagb-ifb-content\"><div class=\"uagb-ifb-title-wrap\"><h1 class=\"uagb-ifb-title\">Mentions l\u00e9gales<\/h1><\/div><\/div><\/div>\n<\/div><\/div>\n\n\n\n<div class=\"wp-block-uagb-container uagb-block-dw2semqk alignfull uagb-is-root-container\"><div class=\"uagb-container-inner-blocks-wrap\">\n<div class=\"wp-block-uagb-info-box uagb-block-ec6ea673 uagb-infobox__content-wrap  uagb-infobox-icon-above-title uagb-infobox-image-valign-top\"><div class=\"uagb-ifb-content\"><div class=\"uagb-ifb-title-wrap\"><\/div><p class=\"uagb-ifb-desc\">Merci de lire avec attentions les diff\u00e9rentes modalit\u00e9s d\u2019utilisation du pr\u00e9sent site avant d\u2019y parcourir ses pages. En vous connectant sur ce site, vous acceptez sans r\u00e9serves les pr\u00e9sentes modalit\u00e9s. Aussi, conform\u00e9ment de l\u2019Article n\u00b06 de la Loi n\u00b02004-575 du 21 Juin 2004 pour la confiance dans l\u2019\u00e9conomie num\u00e9rique, les responsables du pr\u00e9sent site internet&nbsp;<a href=\"https:\/\/www.porsarvag.com\/\">www.porsarvag.com<\/a>&nbsp;sont :<\/p><\/div><\/div>\n\n\n<div class=\"wp-block-uagb-faq uagb-faq__outer-wrap uagb-block-gnuwmmlv uagb-faq-icon-row-reverse uagb-faq-layout-accordion uagb-faq-expand-first-true uagb-faq-inactive-other-true uagb-faq__wrap uagb-buttons-layout-wrap uagb-faq-equal-height     \" data-faqtoggle=\"true\" role=\"tablist\"><div class=\"wp-block-uagb-faq-child uagb-faq-child__outer-wrap uagb-faq-item uagb-block-6xqbdfkb \" role=\"tab\" tabindex=\"0\"><div class=\"uagb-faq-questions-button uagb-faq-questions\">\t\t\t<span class=\"uagb-icon uagb-faq-icon-wrap\">\n\t\t\t\t\t\t\t\t<svg xmlns=\"https:\/\/www.w3.org\/2000\/svg\" viewBox= \"0 0 448 512\"><path d=\"M224 416c-8.188 0-16.38-3.125-22.62-9.375l-192-192c-12.5-12.5-12.5-32.75 0-45.25s32.75-12.5 45.25 0L224 338.8l169.4-169.4c12.5-12.5 32.75-12.5 45.25 0s12.5 32.75 0 45.25l-192 192C240.4 412.9 232.2 416 224 416z\"><\/path><\/svg>\n\t\t\t\t\t\t\t<\/span>\n\t\t\t\t\t\t<span class=\"uagb-icon-active uagb-faq-icon-wrap\">\n\t\t\t\t\t\t\t\t<svg xmlns=\"https:\/\/www.w3.org\/2000\/svg\" viewBox= \"0 0 448 512\"><path d=\"M416 352c-8.188 0-16.38-3.125-22.62-9.375L224 173.3l-169.4 169.4c-12.5 12.5-32.75 12.5-45.25 0s-12.5-32.75 0-45.25l192-192c12.5-12.5 32.75-12.5 45.25 0l192 192c12.5 12.5 12.5 32.75 0 45.25C432.4 348.9 424.2 352 416 352z\"><\/path><\/svg>\n\t\t\t\t\t\t\t<\/span>\n\t\t\t<p class=\"uagb-question\"><strong>Mentions l\u00e9gales<\/strong><\/p><\/div><div class=\"uagb-faq-content\"><p><br><strong>Editeur du Site<br><\/strong>Camping de Pors Ar Vag<br>Pors Ar Vag 29550 Plomodiern<br>T\u00e9l\u00e9phone : 02 98 81 51 42<br>Email : contact@porsarvag.com<br>Site Web :\u00a0<a href=\"https:\/\/www.porsarvag.com\/\">www.porsarvag.com<\/a><br>Siret : 41351789700018<br>Terrain de camping class\u00e9 2 \u00e9toiles Tourisme par arr\u00eat\u00e9 pr\u00e9fectoral<br>Responsables de la publication : Bernard et Dominique Le Mao<br>Cr\u00e9ation : Maureen Le Mao<br><br><strong>Propri\u00e9t\u00e9 intellectuelle<br><\/strong>Le site\u00a0<a href=\"https:\/\/www.porsarvag.com\/\">www.porsarvag.com<\/a>\u00a0est prot\u00e9g\u00e9 par les lois en vigueur sur la propri\u00e9t\u00e9 intellectuelle et le droit d\u2019auteur. Tout le contenu du pr\u00e9sent sur le site\u00a0<a href=\"https:\/\/www.porsarvag.com\/\">www.porsarvag.com<\/a>\u00a0incluant, de fa\u00e7on non limitative, les graphismes, images, textes, vid\u00e9os, animations, sons, logos, gifs et ic\u00f4nes ainsi que leur mise en forme sont la propri\u00e9t\u00e9 exclusive de la soci\u00e9t\u00e9 \u00e0 l\u2019exception des marques, logos ou contenus appartenant \u00e0 d\u2019autres soci\u00e9t\u00e9s partenaires ou auteurs.<br><br><strong>Cookies<br><\/strong>Le site <a href=\"http:\/\/www.porsarvag.com\">www.porsarvag.com<\/a> peut \u00eatre amen\u00e9 \u00e0 vous demander l\u2019acceptation de cookies pour des besoins de statistiques et d\u2019affichage.<br>Un cookie est un petit fichier texte d\u00e9pos\u00e9 sur votre terminal (ordinateur, tablette ou smartphone) lors de la visite d\u2019un site.<br>Certains cookies sont n\u00e9cessaires au bon fonctionnement du site. D\u2019autres permettent de mesurer l\u2019audience ou d\u2019am\u00e9liorer l\u2019exp\u00e9rience utilisateur.<br>Vous pouvez accepter ou refuser tout ou partie des cookies via le bandeau pr\u00e9vu \u00e0 cet effet.<br><br><strong>Services fournis<br><\/strong>L\u2019ensemble des activit\u00e9s de la soci\u00e9t\u00e9 ainsi que ses informations sont pr\u00e9sent\u00e9s sur notre site\u00a0<a href=\"https:\/\/www.porsarvag.com\/\">www.porsarvag.com<\/a>.\u00a0Camping de Pors Ar Vag s\u2019efforce de fournir sur le site Camping de Pors Ar Vag\u00a0des informations aussi pr\u00e9cises que possible. les renseignements figurant sur le site\u00a0<a href=\"https:\/\/www.porsarvag.com\/\">www.porsarvag.com<\/a>\u00a0ne sont pas exhaustifs et les photos non contractuelles. Ils sont donn\u00e9s sous r\u00e9serve de modifications ayant \u00e9t\u00e9 apport\u00e9es depuis leur mise en ligne. Par ailleurs, tous les informations indiqu\u00e9es sur le site\u00a0<a href=\"https:\/\/www.porsarvag.com\/\">www.porsarvag.com<\/a>\u00a0sont donn\u00e9es \u00e0 titre indicatif, et sont susceptibles de changer ou d\u2019\u00e9voluer sans pr\u00e9avis.<br><br><strong>Litiges<\/strong><br>Conform\u00e9ment aux dispositions du Code de la consommation concernant \u00ab le processus de m\u00e9diation des litiges de la consommation \u00bb, le client a le droit de recourir gratuitement au service de m\u00e9diation propos\u00e9 par le Camping de Pors Ar Vag\u00a0. Le m\u00e9diateur \u00ab\u00a0droit de la consommation\u00a0\u00bb ainsi propos\u00e9 est MEDISES.\u00a0Ce dispositif de m\u00e9diation peut \u00eatre joint sur\u00a0www.medicys.fr ou par voie postale : MEDICYS- Centre de m\u00e9diation et r\u00e8glement amiable des huissiers de justice- 73, Boulevard de Clichy, 75009 \u2013 Paris \u00bb<br><br><strong>Donn\u00e9es personnelles<br><\/strong>Le site\u00a0<a href=\"https:\/\/www.porsarvag.com\/\">www.porsarvag.com<\/a>\u00a0peut \u00eatre amen\u00e9 \u00e0 demander \u00e0 l\u2019internaute de laisser ses coordonn\u00e9es (pour recevoir la newsletter, pour faire une r\u00e9servation, etc.). Le caract\u00e8re obligatoire des informations recueillies par l\u2019interm\u00e9diaire de formulaire est toujours signal\u00e9.<br><br><strong>Utilisation des donn\u00e9es<br><\/strong>En application de l\u2019article 27 de la loi Informatique et Libert\u00e9s en date du 6 janvier 1978, vous disposez par ailleurs d\u2019un droit d\u2019acc\u00e8s, de rectification, de modification et de suppression concernant les donn\u00e9es qui vous concernent. Vous pouvez exercer ce droit en envoyant un mail par l\u2019interm\u00e9diaire du formulaire de la page \u00ab\u00a0Contact\u00a0\u00bb. Il vous est \u00e9galement possible de nous envoyer un courrier \u00e0 l\u2019adresse suivante : Camping de Pors Ar Vag \u2013 29550 Plomodiern<br><br><strong>Responsabilit\u00e9<br><\/strong>Le site\u00a0<a href=\"https:\/\/www.porsarvag.com\/\">www.porsarvag.com<\/a>\u00a0contient des liens hypertextes renvoyant \u00e0 d\u2019autres site Internet. Ne pouvant exercer aucun contr\u00f4le sur ces sites,\u00a0<a href=\"https:\/\/www.porsarvag.com\/\">www.porsarvag.com<\/a>\u00a0ne peut \u00eatre tenu pour responsable de la mise \u00e0 disposition de ces sites et sources externes, et ne peut supporter la responsabilit\u00e9 quant aux contenus cr\u00e9\u00e9s ou publi\u00e9s sur ces sites tiers.<br><br><strong>H\u00e9bergement<br><\/strong>OVH<br>SAS au capital de 10 000 000 \u20ac RCS Roubaix \u2013 Tourcoing 424 761 419 00045<br>Code APE 6202A \u2013 N\u00b0 TVA : FR 22 424 761 419<br>Si\u00e8ge social : 2 rue Kellermann 59100 Roubaix \u2013 France.<br>Pour contacter cet h\u00e9bergeur, rendez-vous \u00e0 l\u2019adresse\u00a0<a href=\"http:\/\/www.ovh.com\/fr\/support\/\">http:\/\/www.ovh.com\/fr\/support\/<\/a>s<\/p><\/div><\/div><\/div><\/div><\/div>\n\n\n\n<div class=\"wp-block-uagb-container bloc-cta-vacances uagb-block-ef8a48c7 alignfull uagb-is-root-container\"><div class=\"uagb-container-inner-blocks-wrap\">\n<div class=\"wp-block-uagb-info-box uagb-block-f86d982c uagb-infobox__content-wrap  uagb-infobox-icon-above-title uagb-infobox-image-valign-top\"><div class=\"uagb-ifb-content\"><div class=\"uagb-ifb-title-wrap\"><h1 class=\"uagb-ifb-title\">Vos prochaines vacances&#8230;<\/h1><\/div><p class=\"uagb-ifb-desc\">R\u00e9servez d\u00e8s maintenant votre s\u00e9jour au Camping de Pors Ar Vag et profitez de la Bretagne c\u00f4t\u00e9 mer, face \u00e0 la Baie de Douarnenez<\/p><\/div><\/div>\n\n\n\n<div class=\"wp-block-uagb-buttons uagb-buttons__outer-wrap uagb-btn__medium-btn uagb-btn-tablet__default-btn uagb-btn-mobile__default-btn uagb-block-demxv4hu\"><div class=\"uagb-buttons__wrap uagb-buttons-layout-wrap \">\n<div class=\"wp-block-uagb-buttons-child uagb-buttons__outer-wrap uagb-block-d625360b wp-block-button hero-cta\"><div class=\"uagb-button__wrapper\"><a class=\"uagb-buttons-repeater wp-block-button__link\" aria-label=\"\" href=\"https:\/\/naxiresav2.inaxel.com\/etape1-criteres.php?compte=porsarvag\" rel=\"follow noopener\" target=\"_self\" role=\"button\"><div class=\"uagb-button__link\">R\u00e9servez d\u00e8s maintenant <\/div><\/a><\/div><\/div>\n<\/div><\/div>\n<\/div><\/div>\n","protected":false},"excerpt":{"rendered":"","protected":false},"author":1,"featured_media":0,"parent":0,"menu_order":0,"comment_status":"closed","ping_status":"closed","template":"","meta":{"_acf_changed":false,"_uag_custom_page_level_css":"","neve_meta_sidebar":"","neve_meta_container":"","neve_meta_enable_content_width":"","neve_meta_content_width":0,"neve_meta_title_alignment":"","neve_meta_author_avatar":"","neve_post_elements_order":"","neve_meta_disable_header":"","neve_meta_disable_footer":"","neve_meta_disable_title":"","neve_meta_reading_time":"","footnotes":""},"class_list":["post-1062","page","type-page","status-publish","hentry"],"acf":[],"yoast_head":"<!-- This site is optimized with the Yoast SEO plugin v27.5 - https:\/\/yoast.com\/product\/yoast-seo-wordpress\/ -->\n<title>Mentions l\u00e9gales - Camping de Pors Ar Vag<\/title>\n<meta name=\"robots\" content=\"noindex, follow\" \/>\n<meta property=\"og:locale\" content=\"en_US\" \/>\n<meta property=\"og:type\" content=\"article\" \/>\n<meta property=\"og:title\" content=\"Mentions l\u00e9gales - Camping de Pors Ar Vag\" \/>\n<meta property=\"og:url\" content=\"https:\/\/www.porsarvag.com\/en\/mentions-legales\/\" \/>\n<meta property=\"og:site_name\" content=\"Camping de Pors Ar Vag\" \/>\n<meta property=\"article:publisher\" content=\"https:\/\/www.facebook.com\/porsarvag\/\" \/>\n<meta property=\"article:modified_time\" content=\"2026-01-05T13:26:12+00:00\" \/>\n<meta property=\"og:image\" content=\"https:\/\/www.porsarvag.com\/wp-content\/uploads\/2026\/01\/Vue.jpg\" \/>\n\t<meta property=\"og:image:width\" content=\"1920\" \/>\n\t<meta property=\"og:image:height\" content=\"1080\" \/>\n\t<meta property=\"og:image:type\" content=\"image\/jpeg\" \/>\n<meta name=\"twitter:card\" content=\"summary_large_image\" \/>\n<meta name=\"twitter:label1\" content=\"Est. reading time\" \/>\n\t<meta name=\"twitter:data1\" content=\"1 minute\" \/>\n<script type=\"application\/ld+json\" class=\"yoast-schema-graph\">{\"@context\":\"https:\\\/\\\/schema.org\",\"@graph\":[{\"@type\":\"WebPage\",\"@id\":\"https:\\\/\\\/www.porsarvag.com\\\/en\\\/mentions-legales\\\/\",\"url\":\"https:\\\/\\\/www.porsarvag.com\\\/en\\\/mentions-legales\\\/\",\"name\":\"Mentions l\u00e9gales - Camping de Pors Ar Vag\",\"isPartOf\":{\"@id\":\"https:\\\/\\\/www.porsarvag.com\\\/en\\\/#website\"},\"datePublished\":\"2025-12-21T12:10:27+00:00\",\"dateModified\":\"2026-01-05T13:26:12+00:00\",\"breadcrumb\":{\"@id\":\"https:\\\/\\\/www.porsarvag.com\\\/en\\\/mentions-legales\\\/#breadcrumb\"},\"inLanguage\":\"en-US\",\"potentialAction\":[{\"@type\":\"ReadAction\",\"target\":[\"https:\\\/\\\/www.porsarvag.com\\\/en\\\/mentions-legales\\\/\"]}]},{\"@type\":\"BreadcrumbList\",\"@id\":\"https:\\\/\\\/www.porsarvag.com\\\/en\\\/mentions-legales\\\/#breadcrumb\",\"itemListElement\":[{\"@type\":\"ListItem\",\"position\":1,\"name\":\"Accueil\",\"item\":\"https:\\\/\\\/www.porsarvag.com\\\/en\\\/\"},{\"@type\":\"ListItem\",\"position\":2,\"name\":\"Mentions l\u00e9gales\"}]},{\"@type\":\"WebSite\",\"@id\":\"https:\\\/\\\/www.porsarvag.com\\\/en\\\/#website\",\"url\":\"https:\\\/\\\/www.porsarvag.com\\\/en\\\/\",\"name\":\"Camping de Pors Ar Vag\",\"description\":\"\",\"publisher\":{\"@id\":\"https:\\\/\\\/www.porsarvag.com\\\/en\\\/#organization\"},\"potentialAction\":[{\"@type\":\"SearchAction\",\"target\":{\"@type\":\"EntryPoint\",\"urlTemplate\":\"https:\\\/\\\/www.porsarvag.com\\\/en\\\/?s={search_term_string}\"},\"query-input\":{\"@type\":\"PropertyValueSpecification\",\"valueRequired\":true,\"valueName\":\"search_term_string\"}}],\"inLanguage\":\"en-US\"},{\"@type\":\"Organization\",\"@id\":\"https:\\\/\\\/www.porsarvag.com\\\/en\\\/#organization\",\"name\":\"Camping de Pors Ar Vag\",\"url\":\"https:\\\/\\\/www.porsarvag.com\\\/en\\\/\",\"logo\":{\"@type\":\"ImageObject\",\"inLanguage\":\"en-US\",\"@id\":\"https:\\\/\\\/www.porsarvag.com\\\/en\\\/#\\\/schema\\\/logo\\\/image\\\/\",\"url\":\"https:\\\/\\\/www.porsarvag.com\\\/wp-content\\\/uploads\\\/2026\\\/01\\\/cropped-Logo2026.png\",\"contentUrl\":\"https:\\\/\\\/www.porsarvag.com\\\/wp-content\\\/uploads\\\/2026\\\/01\\\/cropped-Logo2026.png\",\"width\":512,\"height\":512,\"caption\":\"Camping de Pors Ar Vag\"},\"image\":{\"@id\":\"https:\\\/\\\/www.porsarvag.com\\\/en\\\/#\\\/schema\\\/logo\\\/image\\\/\"},\"sameAs\":[\"https:\\\/\\\/www.facebook.com\\\/porsarvag\\\/\",\"https:\\\/\\\/www.instagram.com\\\/porsarvag\\\/\"]}]}<\/script>\n<!-- \/ Yoast SEO plugin. -->","yoast_head_json":{"title":"Mentions l\u00e9gales - Camping de Pors Ar Vag","robots":{"index":"noindex","follow":"follow"},"og_locale":"en_US","og_type":"article","og_title":"Mentions l\u00e9gales - Camping de Pors Ar Vag","og_url":"https:\/\/www.porsarvag.com\/en\/mentions-legales\/","og_site_name":"Camping de Pors Ar Vag","article_publisher":"https:\/\/www.facebook.com\/porsarvag\/","article_modified_time":"2026-01-05T13:26:12+00:00","og_image":[{"width":1920,"height":1080,"url":"https:\/\/www.porsarvag.com\/wp-content\/uploads\/2026\/01\/Vue.jpg","type":"image\/jpeg"}],"twitter_card":"summary_large_image","twitter_misc":{"Est. reading time":"1 minute"},"schema":{"@context":"https:\/\/schema.org","@graph":[{"@type":"WebPage","@id":"https:\/\/www.porsarvag.com\/en\/mentions-legales\/","url":"https:\/\/www.porsarvag.com\/en\/mentions-legales\/","name":"Mentions l\u00e9gales - Camping de Pors Ar Vag","isPartOf":{"@id":"https:\/\/www.porsarvag.com\/en\/#website"},"datePublished":"2025-12-21T12:10:27+00:00","dateModified":"2026-01-05T13:26:12+00:00","breadcrumb":{"@id":"https:\/\/www.porsarvag.com\/en\/mentions-legales\/#breadcrumb"},"inLanguage":"en-US","potentialAction":[{"@type":"ReadAction","target":["https:\/\/www.porsarvag.com\/en\/mentions-legales\/"]}]},{"@type":"BreadcrumbList","@id":"https:\/\/www.porsarvag.com\/en\/mentions-legales\/#breadcrumb","itemListElement":[{"@type":"ListItem","position":1,"name":"Accueil","item":"https:\/\/www.porsarvag.com\/en\/"},{"@type":"ListItem","position":2,"name":"Mentions l\u00e9gales"}]},{"@type":"WebSite","@id":"https:\/\/www.porsarvag.com\/en\/#website","url":"https:\/\/www.porsarvag.com\/en\/","name":"Camping de Pors Ar Vag","description":"","publisher":{"@id":"https:\/\/www.porsarvag.com\/en\/#organization"},"potentialAction":[{"@type":"SearchAction","target":{"@type":"EntryPoint","urlTemplate":"https:\/\/www.porsarvag.com\/en\/?s={search_term_string}"},"query-input":{"@type":"PropertyValueSpecification","valueRequired":true,"valueName":"search_term_string"}}],"inLanguage":"en-US"},{"@type":"Organization","@id":"https:\/\/www.porsarvag.com\/en\/#organization","name":"Camping de Pors Ar Vag","url":"https:\/\/www.porsarvag.com\/en\/","logo":{"@type":"ImageObject","inLanguage":"en-US","@id":"https:\/\/www.porsarvag.com\/en\/#\/schema\/logo\/image\/","url":"https:\/\/www.porsarvag.com\/wp-content\/uploads\/2026\/01\/cropped-Logo2026.png","contentUrl":"https:\/\/www.porsarvag.com\/wp-content\/uploads\/2026\/01\/cropped-Logo2026.png","width":512,"height":512,"caption":"Camping de Pors Ar Vag"},"image":{"@id":"https:\/\/www.porsarvag.com\/en\/#\/schema\/logo\/image\/"},"sameAs":["https:\/\/www.facebook.com\/porsarvag\/","https:\/\/www.instagram.com\/porsarvag\/"]}]}},"uagb_featured_image_src":{"full":false,"thumbnail":false,"medium":false,"medium_large":false,"large":false,"1536x1536":false,"2048x2048":false,"neve-blog":false},"uagb_author_info":{"display_name":"maureen","author_link":"https:\/\/www.porsarvag.com\/en\/author\/maureen\/"},"uagb_comment_info":0,"uagb_excerpt":null,"_links":{"self":[{"href":"https:\/\/www.porsarvag.com\/en\/wp-json\/wp\/v2\/pages\/1062","targetHints":{"allow":["GET"]}}],"collection":[{"href":"https:\/\/www.porsarvag.com\/en\/wp-json\/wp\/v2\/pages"}],"about":[{"href":"https:\/\/www.porsarvag.com\/en\/wp-json\/wp\/v2\/types\/page"}],"author":[{"embeddable":true,"href":"https:\/\/www.porsarvag.com\/en\/wp-json\/wp\/v2\/users\/1"}],"replies":[{"embeddable":true,"href":"https:\/\/www.porsarvag.com\/en\/wp-json\/wp\/v2\/comments?post=1062"}],"version-history":[{"count":6,"href":"https:\/\/www.porsarvag.com\/en\/wp-json\/wp\/v2\/pages\/1062\/revisions"}],"predecessor-version":[{"id":2377,"href":"https:\/\/www.porsarvag.com\/en\/wp-json\/wp\/v2\/pages\/1062\/revisions\/2377"}],"wp:attachment":[{"href":"https:\/\/www.porsarvag.com\/en\/wp-json\/wp\/v2\/media?parent=1062"}],"curies":[{"name":"wp","href":"https:\/\/api.w.org\/{rel}","templated":true}]}}